{"id":43,"date":"2024-02-20T09:23:26","date_gmt":"2024-02-20T08:23:26","guid":{"rendered":"https:\/\/foragephilippeetmichel.fr\/?page_id=43"},"modified":"2025-03-15T18:25:50","modified_gmt":"2025-03-15T17:25:50","slug":"contact","status":"publish","type":"page","link":"https:\/\/foragephilippeetmichel.fr\/index.php\/contact\/","title":{"rendered":"Contact"},"content":{"rendered":"\t\t<div data-elementor-type=\"wp-page\" data-elementor-id=\"43\" class=\"elementor elementor-43\">\n\t\t\t\t<div class=\"elementor-element elementor-element-3ffb35e3 e-flex e-con-boxed e-con e-parent\" data-id=\"3ffb35e3\" data-element_type=\"container\" data-e-type=\"container\">\n\t\t\t\t\t<div class=\"e-con-inner\">\n\t\t\t\t<div class=\"elementor-element elementor-element-540fff40 elementor-widget elementor-widget-text-editor\" data-id=\"540fff40\" data-element_type=\"widget\" data-e-type=\"widget\" data-widget_type=\"text-editor.default\">\n\t\t\t\t<div class=\"elementor-widget-container\">\n\t\t\t\t\t\t\t\t\t\n<div class=\"wp-block-group alignwide has-white-background-color has-background is-layout-constrained wp-container-core-group-is-layout-e8498b1d wp-block-group-is-layout-constrained\" style=\"padding-right: 20px; padding-left: 20px;\">\n<div class=\"wp-block-group alignwide is-layout-flow wp-block-group-is-layout-flow\" style=\"padding-top: 16px;\">\n<div class=\"wp-block-group is-layout-flow wp-block-group-is-layout-flow\">\n<div class=\"wp-block-group alignwide is-layout-flow wp-block-group-is-layout-flow\">\n<div class=\"wp-block-columns is-layout-flex wp-container-core-columns-is-layout-28f84493 wp-block-columns-is-layout-flex\">\n<div class=\"wp-block-column is-layout-flow wp-block-column-is-layout-flow\">\n<div class=\"wp-block-group alignwide has-shadow-dark animated animated-fadeInUp has-white-background-color has-background is-layout-constrained wp-container-core-group-is-layout-69de643f wp-block-group-is-layout-constrained\" style=\"border-radius: 5px; padding: 40px;\">\n<div class=\"wp-block-group is-layout-flow wp-block-group-is-layout-flow\" style=\"padding-bottom: 15px;\">\n<figure class=\"wp-block-image aligncenter size-full is-resized has-custom-border wp-duotone-ff5418-ff5418-4\"><img decoding=\"async\" class=\"wp-image-3971\" style=\"border-radius: 0px; width: 60px; height: 60px;\" src=\"https:\/\/foragephilippeetmichel.fr\/wp-content\/themes\/construction-light\/assets\/default\/icon-4.png\" alt=\"\" \/><\/figure>\n<\/div>\n\n<h3 class=\"wp-block-heading has-text-align-center\" style=\"margin: 10px;\">Par t\u00e9l\u00e9phone<\/h3>\n\n<p class=\"has-text-align-center\">06.35.58.36.24.<\/p>\n<\/div>\n<\/div>\n\n<div class=\"wp-block-column is-layout-flow wp-block-column-is-layout-flow\">\n<div class=\"wp-block-group alignwide has-shadow-dark animated animated-fadeInUp has-white-background-color has-background is-layout-constrained wp-container-core-group-is-layout-69de643f wp-block-group-is-layout-constrained\" style=\"border-radius: 5px; padding: 40px;\">\n<div class=\"wp-block-group is-layout-flow wp-block-group-is-layout-flow\" style=\"padding-bottom: 15px;\">\n<figure class=\"wp-block-image aligncenter size-full is-resized has-custom-border wp-duotone-ff5418-ff5418-5\"><img decoding=\"async\" class=\"wp-image-3971\" style=\"border-radius: 0px; width: 60px; height: 60px;\" src=\"https:\/\/foragephilippeetmichel.fr\/wp-content\/themes\/construction-light\/assets\/default\/icon-5.png\" alt=\"\" \/><\/figure>\n<\/div>\n\n<h3 class=\"wp-block-heading has-text-align-center\" style=\"margin: 10px;\"><a href=\"#\">Email <\/a><\/h3>\n\n<p class=\"has-text-align-center\"><a href=\"mailto:contact@foragephilippeetmichel.fr\">contact@foragephilippeetmichel.fr<\/a><\/p>\n<\/div>\n<\/div>\n\n<div class=\"wp-block-column is-layout-flow wp-block-column-is-layout-flow\">\n<div class=\"wp-block-group alignwide has-shadow-dark animated animated-fadeInUp has-white-background-color has-background is-layout-constrained wp-container-core-group-is-layout-69de643f wp-block-group-is-layout-constrained\" style=\"border-radius: 5px; padding: 40px;\">\n<div class=\"wp-block-group is-layout-flow wp-block-group-is-layout-flow\" style=\"padding-bottom: 15px;\">\n<figure class=\"wp-block-image aligncenter size-full is-resized has-custom-border wp-duotone-ff5418-ff5418-6\"><img decoding=\"async\" class=\"wp-image-3971\" style=\"border-radius: 0px; width: 60px; height: 60px;\" src=\"https:\/\/foragephilippeetmichel.fr\/wp-content\/themes\/construction-light\/assets\/default\/icon-2.png\" alt=\"\" \/><\/figure>\n<\/div>\n\n<h3 class=\"wp-block-heading has-text-align-center\" style=\"margin: 10px;\"><a href=\"#\">Ad<\/a>resse<\/h3>\n\n<p class=\"has-text-align-center\">16 all\u00e9e de Sourbarie Lac Lacroix 24460 Ch\u00e2teau l Ev\u00eaque<\/p>\n<\/div>\n<\/div>\n<\/div>\n<\/div>\n\n<p>\u00a0<\/p>\n\n<div class=\"wp-block-group alignwide is-layout-flow wp-block-group-is-layout-flow\">\n<div class=\"wp-block-columns is-layout-flex wp-container-core-columns-is-layout-28f84493 wp-block-columns-is-layout-flex\">\n<div class=\"wp-block-column has-shadow-dark animated animated-fadeInUp is-layout-flow wp-block-column-is-layout-flow\" style=\"padding: 10px;\">\n<h3 class=\"wp-block-heading\">Formulaire de contact<\/h3>\n\n<div class=\"wpcf7 no-js\" id=\"wpcf7-f95-o1\" lang=\"fr-FR\" dir=\"ltr\" data-wpcf7-id=\"95\">\n<div class=\"screen-reader-response\">\n<p role=\"status\" aria-live=\"polite\" aria-atomic=\"true\">\n<ul><\/ul>\n<\/div>\n<form action=\"\/index.php\/wp-json\/wp\/v2\/pages\/43#wpcf7-f95-o1\" method=\"post\" class=\"wpcf7-form init\" aria-label=\"Formulaire de contact\" novalidate=\"novalidate\" data-status=\"init\">\n<fieldset class=\"hidden-fields-container\"><input type=\"hidden\" name=\"_wpcf7\" value=\"95\" \/><input type=\"hidden\" name=\"_wpcf7_version\" value=\"6.1.5\" \/><input type=\"hidden\" name=\"_wpcf7_locale\" value=\"fr_FR\" \/><input type=\"hidden\" name=\"_wpcf7_unit_tag\" value=\"wpcf7-f95-o1\" \/><input type=\"hidden\" name=\"_wpcf7_container_post\" value=\"0\" \/><input type=\"hidden\" name=\"_wpcf7_posted_data_hash\" value=\"\" \/><br \/>\n<\/fieldset>\n<p><label> Votre nom<br \/>\n<span class=\"wpcf7-form-control-wrap\" data-name=\"your-name\"><input size=\"40\" maxlength=\"400\" class=\"wpcf7-form-control wpcf7-text wpcf7-validates-as-required\" autocomplete=\"name\" aria-required=\"true\" aria-invalid=\"false\" value=\"\" type=\"text\" name=\"your-name\" \/><\/span> <\/label>\n<\/p>\n<p><label> Votre e-mail<br \/>\n<span class=\"wpcf7-form-control-wrap\" data-name=\"your-email\"><input size=\"40\" maxlength=\"400\" class=\"wpcf7-form-control wpcf7-email wpcf7-validates-as-required wpcf7-text wpcf7-validates-as-email\" autocomplete=\"email\" aria-required=\"true\" aria-invalid=\"false\" value=\"\" type=\"email\" name=\"your-email\" \/><\/span> <\/label>\n<\/p>\n<p><label> Objet<br \/>\n<span class=\"wpcf7-form-control-wrap\" data-name=\"your-subject\"><input size=\"40\" maxlength=\"400\" class=\"wpcf7-form-control wpcf7-text wpcf7-validates-as-required\" aria-required=\"true\" aria-invalid=\"false\" value=\"\" type=\"text\" name=\"your-subject\" \/><\/span> <\/label>\n<\/p>\n<p><label> Votre message (facultatif)<br \/>\n<span class=\"wpcf7-form-control-wrap\" data-name=\"your-message\"><textarea cols=\"40\" rows=\"10\" maxlength=\"2000\" class=\"wpcf7-form-control wpcf7-textarea\" aria-invalid=\"false\" name=\"your-message\"><\/textarea><\/span> <\/label>\n<\/p>\n<p><input class=\"wpcf7-form-control wpcf7-submit has-spinner\" type=\"submit\" value=\"Envoyer\" \/>\n<\/p>\n<p style=\"display: none !important;\" class=\"akismet-fields-container\" data-prefix=\"_wpcf7_ak_\"><label>&#916;<textarea name=\"_wpcf7_ak_hp_textarea\" cols=\"45\" rows=\"8\" maxlength=\"100\"><\/textarea><\/label><input type=\"hidden\" id=\"ak_js_1\" name=\"_wpcf7_ak_js\" value=\"106\"\/><script type=\"text\/javascript\">\n\/* <![CDATA[ *\/\ndocument.getElementById( \"ak_js_1\" ).setAttribute( \"value\", ( new Date() ).getTime() );\n\/* ]]> *\/\n<\/script>\n<\/p>\n<div class=\"wpcf7-response-output\" aria-hidden=\"true\"><\/div>\n<\/form>\n<\/div>\n<\/div>\n<\/div>\n<\/div>\n<\/div>\n<\/div>\n<\/div>\n\n<div class=\"wp-block-spacer\" style=\"height: 61px;\" aria-hidden=\"true\">\u00a0<\/div>\n\t\t\t\t\t\t\t\t<\/div>\n\t\t\t\t<\/div>\n\t\t\t\t\t<\/div>\n\t\t\t\t<\/div>\n\t\t\t\t<\/div>\n\t\t","protected":false},"excerpt":{"rendered":"<p>Par t\u00e9l\u00e9phone 06.35.58.36.24. Email contact@foragephilippeetmichel.fr Adresse 16 all\u00e9e de Sourbarie Lac Lacroix 24460 Ch\u00e2teau l Ev\u00eaque \u00a0 Formulaire de contact<\/p>\n","protected":false},"author":1,"featured_media":0,"parent":0,"menu_order":0,"comment_status":"closed","ping_status":"closed","template":"template-pagebuilder.php","meta":{"footnotes":""},"class_list":["post-43","page","type-page","status-publish","hentry"],"_links":{"self":[{"href":"https:\/\/foragephilippeetmichel.fr\/index.php\/wp-json\/wp\/v2\/pages\/43","targetHints":{"allow":["GET"]}}],"collection":[{"href":"https:\/\/foragephilippeetmichel.fr\/index.php\/wp-json\/wp\/v2\/pages"}],"about":[{"href":"https:\/\/foragephilippeetmichel.fr\/index.php\/wp-json\/wp\/v2\/types\/page"}],"author":[{"embeddable":true,"href":"https:\/\/foragephilippeetmichel.fr\/index.php\/wp-json\/wp\/v2\/users\/1"}],"replies":[{"embeddable":true,"href":"https:\/\/foragephilippeetmichel.fr\/index.php\/wp-json\/wp\/v2\/comments?post=43"}],"version-history":[{"count":18,"href":"https:\/\/foragephilippeetmichel.fr\/index.php\/wp-json\/wp\/v2\/pages\/43\/revisions"}],"predecessor-version":[{"id":273,"href":"https:\/\/foragephilippeetmichel.fr\/index.php\/wp-json\/wp\/v2\/pages\/43\/revisions\/273"}],"wp:attachment":[{"href":"https:\/\/foragephilippeetmichel.fr\/index.php\/wp-json\/wp\/v2\/media?parent=43"}],"curies":[{"name":"wp","href":"https:\/\/api.w.org\/{rel}","templated":true}]}}