{"id":118,"date":"2024-02-21T13:55:43","date_gmt":"2024-02-21T12:55:43","guid":{"rendered":"https:\/\/foragephilippeetmichel.fr\/?page_id=118"},"modified":"2025-03-15T17:55:25","modified_gmt":"2025-03-15T16:55:25","slug":"le-forage","status":"publish","type":"page","link":"https:\/\/foragephilippeetmichel.fr\/index.php\/le-forage\/","title":{"rendered":"Le forage"},"content":{"rendered":"\t\t<div data-elementor-type=\"wp-page\" data-elementor-id=\"118\" class=\"elementor elementor-118\">\n\t\t\t\t<div class=\"elementor-element elementor-element-3198e52e e-flex e-con-boxed e-con e-parent\" data-id=\"3198e52e\" data-element_type=\"container\" data-e-type=\"container\">\n\t\t\t\t\t<div class=\"e-con-inner\">\n\t\t\t\t<div class=\"elementor-element elementor-element-395a385b elementor-widget elementor-widget-text-editor\" data-id=\"395a385b\" data-element_type=\"widget\" data-e-type=\"widget\" data-widget_type=\"text-editor.default\">\n\t\t\t\t<div class=\"elementor-widget-container\">\n\t\t\t\t\t\t\t\t\t<figure class=\"wp-block-image alignfull size-full\"><img fetchpriority=\"high\" decoding=\"async\" width=\"1000\" height=\"250\" class=\"wp-image-85\" src=\"https:\/\/foragephilippeetmichel.fr\/wp-content\/uploads\/2024\/02\/eau.jpg\" alt=\"\" srcset=\"https:\/\/foragephilippeetmichel.fr\/wp-content\/uploads\/2024\/02\/eau.jpg 1000w, https:\/\/foragephilippeetmichel.fr\/wp-content\/uploads\/2024\/02\/eau-300x75.jpg 300w, https:\/\/foragephilippeetmichel.fr\/wp-content\/uploads\/2024\/02\/eau-768x192.jpg 768w\" sizes=\"(max-width: 1000px) 100vw, 1000px\" \/><\/figure>\n<p><!-- \/wp:image --><!-- wp:paragraph {\"align\":\"center\"} --><\/p>\n<p class=\"has-text-align-center\"><strong>R\u00e9alisation d\u2019ouvrages de pr\u00e9l\u00e8vement d\u2019eau \u00e0 des fins domestiques et professionnelles en Aquitaine<\/strong><\/p>\n<p><!-- \/wp:paragraph --><!-- wp:paragraph --><\/p>\n<p>Tout commence par une id\u00e9e. Peut-\u00eatre souhaitez-vous r\u00e9cup\u00e9rer l\u2019eau potable sur votre terrain pour un usage domestique ou professionnel ? Que ce soit pour arroser un jardin, remplir une piscine ou r\u00e9pondre \u00e0 vos besoins quotidiens, cette ressource naturelle peut \u00eatre exploit\u00e9e par les particuliers et les professionnels, \u00e0 condition de respecter la r\u00e9glementation en vigueur.<\/p>\n<p><!-- \/wp:paragraph --><!-- wp:paragraph --><\/p>\n<p>Cependant, ce projet ne s\u2019improvise pas. Il n\u00e9cessite une bonne connaissance du terrain, un choix judicieux du type d\u2019ouvrage \u00e0 r\u00e9aliser, ainsi qu\u2019une pr\u00e9paration rigoureuse des d\u00e9marches administratives. Nous sommes l\u00e0 pour vous conseiller et vous accompagner afin de mener \u00e0 bien votre projet dans les meilleures conditions.<\/p>\n<p><!-- \/wp:paragraph --><!-- wp:paragraph --><\/p>\n<p>Souhaitez-vous \u00e9galement exploiter cette eau pour des usages agricoles ou dans le cadre d\u2019une collectivit\u00e9 ?<\/p>\n<p><!-- \/wp:paragraph --><!-- wp:paragraph --><\/p>\n<p>Vous avez un projet \u00e0 r\u00e9aliser ? N\u2019h\u00e9sitez pas \u00e0 nous contacter pour en discuter !<\/p>\n<p><!-- \/wp:paragraph --><!-- wp:paragraph {\"align\":\"center\"} --><\/p>\n<p class=\"has-text-align-center\"><b>D\u00e9couvrez toutes nos prestations en d\u00e9tail pour votre autonomie en eau.<\/b><\/p>\n<p><!-- \/wp:paragraph --><!-- wp:paragraph {\"align\":\"center\"} --><\/p>\n<p class=\"has-text-align-center\">\u00a0<\/p>\n<p><!-- \/wp:paragraph --><!-- wp:paragraph --><\/p>\n<p><!-- \/wp:paragraph --><\/p>\t\t\t\t\t\t\t\t<\/div>\n\t\t\t\t<\/div>\n\t\t\t\t\t<\/div>\n\t\t\t\t<\/div>\n\t\t\t\t<\/div>\n\t\t","protected":false},"excerpt":{"rendered":"<p>R\u00e9alisation d\u2019ouvrages de pr\u00e9l\u00e8vement d\u2019eau \u00e0 des fins domestiques et professionnelles en Aquitaine Tout commence par une id\u00e9e. Peut-\u00eatre souhaitez-vous r\u00e9cup\u00e9rer l\u2019eau potable sur votre terrain pour un usage domestique ou professionnel ? Que ce soit pour arroser un jardin, remplir une piscine ou r\u00e9pondre \u00e0 vos besoins quotidiens, cette&hellip;<\/p>\n","protected":false},"author":1,"featured_media":0,"parent":0,"menu_order":0,"comment_status":"closed","ping_status":"closed","template":"template-pagebuilder.php","meta":{"footnotes":""},"class_list":["post-118","page","type-page","status-publish","hentry"],"_links":{"self":[{"href":"https:\/\/foragephilippeetmichel.fr\/index.php\/wp-json\/wp\/v2\/pages\/118","targetHints":{"allow":["GET"]}}],"collection":[{"href":"https:\/\/foragephilippeetmichel.fr\/index.php\/wp-json\/wp\/v2\/pages"}],"about":[{"href":"https:\/\/foragephilippeetmichel.fr\/index.php\/wp-json\/wp\/v2\/types\/page"}],"author":[{"embeddable":true,"href":"https:\/\/foragephilippeetmichel.fr\/index.php\/wp-json\/wp\/v2\/users\/1"}],"replies":[{"embeddable":true,"href":"https:\/\/foragephilippeetmichel.fr\/index.php\/wp-json\/wp\/v2\/comments?post=118"}],"version-history":[{"count":16,"href":"https:\/\/foragephilippeetmichel.fr\/index.php\/wp-json\/wp\/v2\/pages\/118\/revisions"}],"predecessor-version":[{"id":274,"href":"https:\/\/foragephilippeetmichel.fr\/index.php\/wp-json\/wp\/v2\/pages\/118\/revisions\/274"}],"wp:attachment":[{"href":"https:\/\/foragephilippeetmichel.fr\/index.php\/wp-json\/wp\/v2\/media?parent=118"}],"curies":[{"name":"wp","href":"https:\/\/api.w.org\/{rel}","templated":true}]}}